{"id":193,"date":"2023-09-03T15:54:22","date_gmt":"2023-09-03T13:54:22","guid":{"rendered":"https:\/\/natachadavril.com\/?page_id=193"},"modified":"2023-09-03T23:40:46","modified_gmt":"2023-09-03T21:40:46","slug":"des-cendres-dart-pour-le-wtc","status":"publish","type":"page","link":"https:\/\/natachadavril.com\/index.php\/des-cendres-dart-pour-le-wtc\/","title":{"rendered":"Des cendres d&rsquo;art pour le WTC"},"content":{"rendered":"<div class=\"wp-block-image\">\n<figure class=\"alignright size-full is-resized\"><img decoding=\"async\" src=\"http:\/\/natachadavril.com\/wp-content\/uploads\/2023\/09\/logoGB2.png\" alt=\"\" class=\"wp-image-250\" style=\"width:30px\" width=\"30\"\/><\/figure>\n<\/div>\n\n\n<p class=\"has-text-align-right\"><em><a href=\"http:\/\/natachadavril.com\/index.php\/art-ashes-for-the-wtc\/\"><sup>Version anglaise<\/sup><\/a><\/em><\/p>\n\n\n\n<p><\/p>\n\n\n\n<hr class=\"wp-block-separator has-alpha-channel-opacity\"\/>\n\n\n\n<div class=\"wp-block-media-text is-stacked-on-mobile\" style=\"grid-template-columns:24% auto\"><figure class=\"wp-block-media-text__media\"><img loading=\"lazy\" decoding=\"async\" width=\"240\" height=\"260\" src=\"https:\/\/natachadavril.com\/wp-content\/uploads\/2023\/09\/image.gif\" alt=\"Photo d'une toile d\u00e9clou\u00e9e de son ch\u00e2ssis en train de br\u00fbler.\" class=\"wp-image-194 size-full\"\/><\/figure><div class=\"wp-block-media-text__content\">\n<p>Les attentats du 11 septembre et l&rsquo;effondrement des tours ont frapp\u00e9 tous les esprits. La trajectoire de mon travail en a \u00e9t\u00e9 modifi\u00e9 et j&rsquo;ai d\u00e9cid\u00e9 d&rsquo;\u00e9laborer, \u00e0 la m\u00e9moire des victimes, une installation t\u00e9moin.<\/p>\n\n\n\n<p>Je l&rsquo;ai voulu plastiquement sobre, avec une charge affective forte pour \u00eatre en osmose avec ceux qui ont \u00e9t\u00e9 touch\u00e9s dans leur chair et dans leur coeur. Mon empathie, mon t\u00e9moignage artistique, valent \u00e9videmment pour toutes les victimes d&rsquo;attentats, partout dans le monde.<\/p>\n<\/div><\/div>\n\n\n\n<hr class=\"wp-block-separator has-alpha-channel-opacity\"\/>\n\n\n\n<div class=\"wp-block-media-text has-media-on-the-right is-stacked-on-mobile\" style=\"grid-template-columns:auto 44%\"><div class=\"wp-block-media-text__content\">\n<p>C&rsquo;est un grand cube, compos\u00e9 de 216 cubes en bois peint, num\u00e9rot\u00e9s de 1 \u00e0 216. Il est form\u00e9 de deux parties distinctes :<br>\u2022 une enveloppe de 152 cubes vides de couleurs grises \u00e9voquant la cendre.<br>\u2022 un coeur de 64 cubes rouge feu contenant des \u00ab\u00a0cendres d&rsquo;art\u00a0\u00bb produites par l&rsquo;incin\u00e9ration de 64 de mes toiles (pr\u00e9alablement retir\u00e9es de leur cadre et d\u00e9clou\u00e9es de leur ch\u00e2ssis).<br>Elle faisaient partie de ma collection personnelle.<\/p>\n<\/div><figure class=\"wp-block-media-text__media\"><img loading=\"lazy\" decoding=\"async\" width=\"296\" height=\"320\" src=\"https:\/\/natachadavril.com\/wp-content\/uploads\/2023\/09\/image.jpeg\" alt=\"Photo de l'installation avec les cubes rouges visibles au coeur des cubes gris.\" class=\"wp-image-195 size-full\" srcset=\"https:\/\/natachadavril.com\/wp-content\/uploads\/2023\/09\/image.jpeg 296w, https:\/\/natachadavril.com\/wp-content\/uploads\/2023\/09\/image-278x300.jpeg 278w\" sizes=\"auto, (max-width: 296px) 100vw, 296px\" \/><\/figure><\/div>\n\n\n\n<hr class=\"wp-block-separator has-alpha-channel-opacity\"\/>\n\n\n\n<div class=\"wp-block-media-text is-stacked-on-mobile\"><figure class=\"wp-block-media-text__media\"><img loading=\"lazy\" decoding=\"async\" width=\"420\" height=\"370\" src=\"https:\/\/natachadavril.com\/wp-content\/uploads\/2023\/09\/image-1.gif\" alt=\"Sac en coton, ferm\u00e9 avec un lien, qui contient les cendres. Une diapositive est agraf\u00e9e en haut du sac.\" class=\"wp-image-196 size-full\"\/><\/figure><div class=\"wp-block-media-text__content\">\n<p>Ces cendres sacrificielles ont \u00e9t\u00e9 recueillies dans des petits sacs de coton \u00e9cru. La diapositive de l&rsquo;oeuvre incin\u00e9r\u00e9e est agraf\u00e9e au sac enferm\u00e9 dans la bo\u00eete.<\/p>\n<\/div><\/div>\n\n\n\n<hr class=\"wp-block-separator has-alpha-channel-opacity\"\/>\n\n\n\n<figure class=\"wp-block-image size-full\"><img loading=\"lazy\" decoding=\"async\" width=\"740\" height=\"464\" src=\"https:\/\/natachadavril.com\/wp-content\/uploads\/2023\/09\/image-1.jpeg\" alt=\"Photo de l'ensemble des cubes rouges ouverts, contenant les sacs de cendres.\" class=\"wp-image-197\" srcset=\"https:\/\/natachadavril.com\/wp-content\/uploads\/2023\/09\/image-1.jpeg 740w, https:\/\/natachadavril.com\/wp-content\/uploads\/2023\/09\/image-1-300x188.jpeg 300w, https:\/\/natachadavril.com\/wp-content\/uploads\/2023\/09\/image-1-600x376.jpeg 600w\" sizes=\"auto, (max-width: 706px) 89vw, (max-width: 767px) 82vw, 740px\" \/><\/figure>\n\n\n\n<p>Chaque bo\u00eete rouge porte sur le couvercle un num\u00e9ro au pochoir de 1 \u00e0 64, et dessous une \u00e9tiquette pr\u00e9cisant les caract\u00e9ristiques de  l&rsquo;oeuvre d\u00e9truite par le feu.<\/p>\n\n\n<div class=\"wp-block-image\">\n<figure class=\"aligncenter size-medium\"><img loading=\"lazy\" decoding=\"async\" width=\"300\" height=\"176\" src=\"https:\/\/natachadavril.com\/wp-content\/uploads\/2023\/09\/image-2-300x176.jpeg\" alt=\"gros plan du cube rouge 64 scell\u00e9.\" class=\"wp-image-198\" srcset=\"https:\/\/natachadavril.com\/wp-content\/uploads\/2023\/09\/image-2-300x176.jpeg 300w, https:\/\/natachadavril.com\/wp-content\/uploads\/2023\/09\/image-2.jpeg 395w\" sizes=\"auto, (max-width: 300px) 100vw, 300px\" \/><\/figure>\n<\/div>\n\n\n<hr class=\"wp-block-separator has-alpha-channel-opacity\"\/>\n\n\n\n<div class=\"wp-block-media-text is-stacked-on-mobile\"><figure class=\"wp-block-media-text__media\"><img loading=\"lazy\" decoding=\"async\" width=\"459\" height=\"400\" src=\"http:\/\/natachadavril.com\/wp-content\/uploads\/2023\/09\/image-3.jpeg\" alt=\"Photo des 64 cubes rouge empil\u00e9s, repr\u00e9sentant un gros cube.\" class=\"wp-image-199 size-full\" srcset=\"https:\/\/natachadavril.com\/wp-content\/uploads\/2023\/09\/image-3.jpeg 459w, https:\/\/natachadavril.com\/wp-content\/uploads\/2023\/09\/image-3-300x261.jpeg 300w\" sizes=\"auto, (max-width: 459px) 100vw, 459px\" \/><\/figure><div class=\"wp-block-media-text__content\">\n<p>Les 64 boites sont scell\u00e9es et donc inviolables. Les cubes gris, num\u00e9rot\u00e9s de 65 \u00e0 216, forment, une fois en place, un sarcophage enserrant les bo\u00eetes rouges. Tous les cubes affichent un des mots clefs : World \/ Trade \/ Center \/ Twin \/ Towers &#8230;<\/p>\n<\/div><\/div>\n\n\n\n<hr class=\"wp-block-separator has-alpha-channel-opacity\"\/>\n\n\n\n<div class=\"wp-block-media-text is-stacked-on-mobile is-vertically-aligned-center\" style=\"grid-template-columns:15% auto\"><figure class=\"wp-block-media-text__media\"><img loading=\"lazy\" decoding=\"async\" width=\"164\" height=\"123\" src=\"https:\/\/natachadavril.com\/wp-content\/uploads\/2023\/09\/image-4.jpeg\" alt=\"Gros plan de la fausse colombe\" class=\"wp-image-200 size-full\"\/><\/figure><div class=\"wp-block-media-text__content\">\n<p>Au-dessus de l&rsquo;ensemble, une colombe est suspendue \u00e0 un fil pour un message de paix.<\/p>\n<\/div><\/div>\n\n\n\n<hr class=\"wp-block-separator has-alpha-channel-opacity\"\/>\n\n\n\n<p>Cette installation est pr\u00e9sent\u00e9e au public sous la forme d&rsquo;un cube gris r\u00e9v\u00e9lant plus ou moins de son coeur rouge, cern\u00e9 de bloc gris sugg\u00e9rant la destruction.<\/p>\n\n\n<div class=\"wp-block-image\">\n<figure class=\"aligncenter size-full is-resized\"><img loading=\"lazy\" decoding=\"async\" src=\"https:\/\/natachadavril.com\/wp-content\/uploads\/2023\/09\/image-5.jpeg\" alt=\"Photo de l'installation avec des cubes gris positionn\u00e9s devant comme s'ils \u00e9taient tomb\u00e9s de l'installation.\" class=\"wp-image-201\" style=\"width:502px;height:376px\" width=\"502\" height=\"376\" srcset=\"https:\/\/natachadavril.com\/wp-content\/uploads\/2023\/09\/image-5.jpeg 410w, https:\/\/natachadavril.com\/wp-content\/uploads\/2023\/09\/image-5-300x225.jpeg 300w\" sizes=\"auto, (max-width: 502px) 100vw, 502px\" \/><\/figure>\n<\/div>\n\n\n<hr class=\"wp-block-separator has-alpha-channel-opacity\"\/>\n\n\n\n<p><em>Cette oeuvre mesure un m\u00e8tre cube, et p\u00e8se cent trente kilos. Elle est prot\u00e9g\u00e9e et interdite de reproduction sans l&rsquo;accord de l&rsquo;artiste.<\/em><\/p>\n\n\n\n<hr class=\"wp-block-separator has-alpha-channel-opacity\"\/>\n\n\n\n<p>Retrouvez via les liens suivants des photos compl\u00e9mentaires :<br>\u2022 <a href=\"https:\/\/natachadavril.com\/index.php\/photos-de-linstallation#artiste-au-travail\/\">Une pr\u00e9sentation de l&rsquo;artiste au travail<\/a><br>\u2022 <a href=\"https:\/\/natachadavril.com\/index.php\/photos-de-linstallation#cendres\/\">Les cendres en sac<\/a><br>\u2022 <a href=\"https:\/\/natachadavril.com\/index.php\/photos-de-linstallation#cubes\/\">Les cubes en d\u00e9tail<\/a><br>\u2022 <a href=\"https:\/\/natachadavril.com\/index.php\/photos-de-linstallation#installation\/\">L&rsquo;installation<\/a><\/p>\n\n\n\n<hr class=\"wp-block-separator has-alpha-channel-opacity\"\/>\n","protected":false},"excerpt":{"rendered":"<p>Version anglaise Les attentats du 11 septembre et l&rsquo;effondrement des tours ont frapp\u00e9 tous les esprits. La trajectoire de mon travail en a \u00e9t\u00e9 modifi\u00e9 et j&rsquo;ai d\u00e9cid\u00e9 d&rsquo;\u00e9laborer, \u00e0 la m\u00e9moire des victimes, une installation t\u00e9moin. Je l&rsquo;ai voulu plastiquement sobre, avec une charge affective forte pour \u00eatre en osmose avec ceux qui ont &hellip; <\/p>\n<p class=\"link-more\"><a href=\"https:\/\/natachadavril.com\/index.php\/des-cendres-dart-pour-le-wtc\/\" class=\"more-link\">Continuer la lecture<span class=\"screen-reader-text\"> de &laquo;&nbsp;Des cendres d&rsquo;art pour le WTC&nbsp;&raquo;<\/span><\/a><\/p>\n","protected":false},"author":1,"featured_media":0,"parent":0,"menu_order":0,"comment_status":"closed","ping_status":"closed","template":"","meta":{"footnotes":""},"class_list":["post-193","page","type-page","status-publish","hentry"],"featured_media_urls":[],"_links":{"self":[{"href":"https:\/\/natachadavril.com\/index.php\/wp-json\/wp\/v2\/pages\/193","targetHints":{"allow":["GET"]}}],"collection":[{"href":"https:\/\/natachadavril.com\/index.php\/wp-json\/wp\/v2\/pages"}],"about":[{"href":"https:\/\/natachadavril.com\/index.php\/wp-json\/wp\/v2\/types\/page"}],"author":[{"embeddable":true,"href":"https:\/\/natachadavril.com\/index.php\/wp-json\/wp\/v2\/users\/1"}],"replies":[{"embeddable":true,"href":"https:\/\/natachadavril.com\/index.php\/wp-json\/wp\/v2\/comments?post=193"}],"version-history":[{"count":14,"href":"https:\/\/natachadavril.com\/index.php\/wp-json\/wp\/v2\/pages\/193\/revisions"}],"predecessor-version":[{"id":296,"href":"https:\/\/natachadavril.com\/index.php\/wp-json\/wp\/v2\/pages\/193\/revisions\/296"}],"wp:attachment":[{"href":"https:\/\/natachadavril.com\/index.php\/wp-json\/wp\/v2\/media?parent=193"}],"curies":[{"name":"wp","href":"https:\/\/api.w.org\/{rel}","templated":true}]}}