{"id":255,"date":"2023-09-03T17:15:24","date_gmt":"2023-09-03T15:15:24","guid":{"rendered":"https:\/\/natachadavril.com\/?page_id=255"},"modified":"2023-09-03T17:28:41","modified_gmt":"2023-09-03T15:28:41","slug":"art-ashes-for-the-wtc","status":"publish","type":"page","link":"https:\/\/natachadavril.com\/index.php\/art-ashes-for-the-wtc\/","title":{"rendered":"Art Ashes for the WTC"},"content":{"rendered":"\n<p><\/p>\n\n\n\n<hr class=\"wp-block-separator has-alpha-channel-opacity\"\/>\n\n\n\n<div class=\"wp-block-media-text is-stacked-on-mobile\" style=\"grid-template-columns:24% auto\"><figure class=\"wp-block-media-text__media\"><img loading=\"lazy\" decoding=\"async\" width=\"240\" height=\"260\" src=\"https:\/\/natachadavril.com\/wp-content\/uploads\/2023\/09\/image.gif\" alt=\"Photo d'une toile d\u00e9clou\u00e9e de son ch\u00e2ssis en train de br\u00fbler.\" class=\"wp-image-194 size-full\"\/><\/figure><div class=\"wp-block-media-text__content\">\n<p>The September 11 attacks and the ensuing collapse of the Twin Towers caused a great shock on everyone&rsquo;s mind. My work as an artist has been deeply affected by the event, which led me to building up an installation in remembrance of the victims.<br>I have meant it aesthetically sober, with a high emotional input, in order to sympathise with who have been hit their flesh and in their heart.<\/p>\n<\/div><\/div>\n\n\n\n<hr class=\"wp-block-separator has-alpha-channel-opacity\"\/>\n\n\n\n<div class=\"wp-block-media-text has-media-on-the-right is-stacked-on-mobile\" style=\"grid-template-columns:auto 44%\"><div class=\"wp-block-media-text__content\">\n<p>It is a large cube, made up with 216 painted wood cubes numbered 1 to 216. The whole work consists of two distinct parts :<br>\u2022 A shell of 152 ash-grey empty cubes,<br>\u2022 A core of 64 fire-red cubic boxes holding \u00ab\u00a0art ashes\u00a0\u00bb obtained by burning 64 paintings from my own work production.<\/p>\n<\/div><figure class=\"wp-block-media-text__media\"><img loading=\"lazy\" decoding=\"async\" width=\"296\" height=\"320\" src=\"https:\/\/natachadavril.com\/wp-content\/uploads\/2023\/09\/image.jpeg\" alt=\"Photo de l'installation avec les cubes rouges visibles au coeur des cubes gris.\" class=\"wp-image-195 size-full\" srcset=\"https:\/\/natachadavril.com\/wp-content\/uploads\/2023\/09\/image.jpeg 296w, https:\/\/natachadavril.com\/wp-content\/uploads\/2023\/09\/image-278x300.jpeg 278w\" sizes=\"auto, (max-width: 296px) 100vw, 296px\" \/><\/figure><\/div>\n\n\n\n<hr class=\"wp-block-separator has-alpha-channel-opacity\"\/>\n\n\n\n<div class=\"wp-block-media-text is-stacked-on-mobile\"><figure class=\"wp-block-media-text__media\"><img loading=\"lazy\" decoding=\"async\" width=\"420\" height=\"370\" src=\"https:\/\/natachadavril.com\/wp-content\/uploads\/2023\/09\/image-1.gif\" alt=\"Sac en coton, ferm\u00e9 avec un lien, qui contient les cendres. Une diapositive est agraf\u00e9e en haut du sac.\" class=\"wp-image-196 size-full\"\/><\/figure><div class=\"wp-block-media-text__content\">\n<p>The sacrificial ashes of each canvas have been deposited into small unbleached cotton bags. Each one carries an attached slide of the original painting. The bags have then been sealed in the core cubes.<\/p>\n<\/div><\/div>\n\n\n\n<hr class=\"wp-block-separator has-alpha-channel-opacity\"\/>\n\n\n\n<figure class=\"wp-block-image size-full\"><img loading=\"lazy\" decoding=\"async\" width=\"740\" height=\"464\" src=\"https:\/\/natachadavril.com\/wp-content\/uploads\/2023\/09\/image-1.jpeg\" alt=\"Photo de l'ensemble des cubes rouges ouverts, contenant les sacs de cendres.\" class=\"wp-image-197\" srcset=\"https:\/\/natachadavril.com\/wp-content\/uploads\/2023\/09\/image-1.jpeg 740w, https:\/\/natachadavril.com\/wp-content\/uploads\/2023\/09\/image-1-300x188.jpeg 300w, https:\/\/natachadavril.com\/wp-content\/uploads\/2023\/09\/image-1-600x376.jpeg 600w\" sizes=\"auto, (max-width: 706px) 89vw, (max-width: 767px) 82vw, 740px\" \/><\/figure>\n\n\n\n<p>On the lid of each red cube, I stenciled a number from 1 to 64 and stuck a label listing the specification of the work reduced to ashes.<\/p>\n\n\n<div class=\"wp-block-image\">\n<figure class=\"aligncenter size-medium\"><img loading=\"lazy\" decoding=\"async\" width=\"300\" height=\"176\" src=\"https:\/\/natachadavril.com\/wp-content\/uploads\/2023\/09\/image-2-300x176.jpeg\" alt=\"gros plan du cube rouge 64 scell\u00e9.\" class=\"wp-image-198\" srcset=\"https:\/\/natachadavril.com\/wp-content\/uploads\/2023\/09\/image-2-300x176.jpeg 300w, https:\/\/natachadavril.com\/wp-content\/uploads\/2023\/09\/image-2.jpeg 395w\" sizes=\"auto, (max-width: 300px) 100vw, 300px\" \/><\/figure>\n<\/div>\n\n\n<hr class=\"wp-block-separator has-alpha-channel-opacity\"\/>\n\n\n\n<div class=\"wp-block-media-text is-stacked-on-mobile\"><figure class=\"wp-block-media-text__media\"><img loading=\"lazy\" decoding=\"async\" width=\"459\" height=\"400\" src=\"http:\/\/natachadavril.com\/wp-content\/uploads\/2023\/09\/image-3.jpeg\" alt=\"Photo des 64 cubes rouge empil\u00e9s, repr\u00e9sentant un gros cube.\" class=\"wp-image-199 size-full\" srcset=\"https:\/\/natachadavril.com\/wp-content\/uploads\/2023\/09\/image-3.jpeg 459w, https:\/\/natachadavril.com\/wp-content\/uploads\/2023\/09\/image-3-300x261.jpeg 300w\" sizes=\"auto, (max-width: 459px) 100vw, 459px\" \/><\/figure><div class=\"wp-block-media-text__content\">\n<p>These boxes are sealed and therefore inviolable.<br>Once assembled, the grey cubes numbered 65 to 216 from a sarcophagus which encloses the red cubes. All the cubes bear one of the keywords : World \/ Trade \/ Center \/ Twin \/ Towers &#8230;<\/p>\n<\/div><\/div>\n\n\n\n<hr class=\"wp-block-separator has-alpha-channel-opacity\"\/>\n\n\n\n<div class=\"wp-block-media-text is-stacked-on-mobile is-vertically-aligned-center\" style=\"grid-template-columns:15% auto\"><figure class=\"wp-block-media-text__media\"><img loading=\"lazy\" decoding=\"async\" width=\"164\" height=\"123\" src=\"https:\/\/natachadavril.com\/wp-content\/uploads\/2023\/09\/image-4.jpeg\" alt=\"Gros plan de la fausse colombe\" class=\"wp-image-200 size-full\"\/><\/figure><div class=\"wp-block-media-text__content\">\n<p>A dove hangs from a string over the whole set-up as a peace message.<\/p>\n<\/div><\/div>\n\n\n\n<hr class=\"wp-block-separator has-alpha-channel-opacity\"\/>\n\n\n\n<p>To the public, the installation will appear, depending on the montage, as a grey cube partly disclosing fewer or more fragments of its red heart as it stands encased in grey-colored blocks suggesting destruction.<\/p>\n\n\n<div class=\"wp-block-image\">\n<figure class=\"aligncenter size-full is-resized\"><img loading=\"lazy\" decoding=\"async\" src=\"https:\/\/natachadavril.com\/wp-content\/uploads\/2023\/09\/image-5.jpeg\" alt=\"Photo de l'installation avec des cubes gris positionn\u00e9s devant comme s'ils \u00e9taient tomb\u00e9s de l'installation.\" class=\"wp-image-201\" style=\"width:502px;height:376px\" width=\"502\" height=\"376\" srcset=\"https:\/\/natachadavril.com\/wp-content\/uploads\/2023\/09\/image-5.jpeg 410w, https:\/\/natachadavril.com\/wp-content\/uploads\/2023\/09\/image-5-300x225.jpeg 300w\" sizes=\"auto, (max-width: 502px) 100vw, 502px\" \/><\/figure>\n<\/div>\n\n\n<hr class=\"wp-block-separator has-alpha-channel-opacity\"\/>\n\n\n\n<p><em>Cette oeuvre mesure un m\u00e8tre cube, et p\u00e8se cent trente kilos. This work is copyrighted. No part of it may be reproduced in any form or by any means without the prior permission of the artist.<\/em><\/p>\n\n\n\n<hr class=\"wp-block-separator has-alpha-channel-opacity\"\/>\n\n\n\n<p>For more pictures, connect to the webpages of the installation :<br>\u2022 <a href=\"http:\/\/natachadavril.com\/index.php\/photos-de-linstallation#artiste-au-travail\/\">The artist<\/a><br>\u2022 <a href=\"https:\/\/natachadavril.com\/index.php\/photos-de-linstallation#cendres\/\">Ashes in bags<\/a><br>\u2022 <a href=\"https:\/\/natachadavril.com\/index.php\/photos-de-linstallation#cubes\/\">The cubes<\/a><br>\u2022 <a href=\"https:\/\/natachadavril.com\/index.php\/photos-de-linstallation#installation\/\">The Installation<\/a><\/p>\n\n\n\n<hr class=\"wp-block-separator has-alpha-channel-opacity\"\/>\n","protected":false},"excerpt":{"rendered":"<p>The September 11 attacks and the ensuing collapse of the Twin Towers caused a great shock on everyone&rsquo;s mind. My work as an artist has been deeply affected by the event, which led me to building up an installation in remembrance of the victims.I have meant it aesthetically sober, with a high emotional input, in &hellip; <\/p>\n<p class=\"link-more\"><a href=\"https:\/\/natachadavril.com\/index.php\/art-ashes-for-the-wtc\/\" class=\"more-link\">Continuer la lecture<span class=\"screen-reader-text\"> de &laquo;&nbsp;Art Ashes for the WTC&nbsp;&raquo;<\/span><\/a><\/p>\n","protected":false},"author":1,"featured_media":0,"parent":0,"menu_order":0,"comment_status":"closed","ping_status":"closed","template":"","meta":{"footnotes":""},"class_list":["post-255","page","type-page","status-publish","hentry"],"featured_media_urls":[],"_links":{"self":[{"href":"https:\/\/natachadavril.com\/index.php\/wp-json\/wp\/v2\/pages\/255","targetHints":{"allow":["GET"]}}],"collection":[{"href":"https:\/\/natachadavril.com\/index.php\/wp-json\/wp\/v2\/pages"}],"about":[{"href":"https:\/\/natachadavril.com\/index.php\/wp-json\/wp\/v2\/types\/page"}],"author":[{"embeddable":true,"href":"https:\/\/natachadavril.com\/index.php\/wp-json\/wp\/v2\/users\/1"}],"replies":[{"embeddable":true,"href":"https:\/\/natachadavril.com\/index.php\/wp-json\/wp\/v2\/comments?post=255"}],"version-history":[{"count":3,"href":"https:\/\/natachadavril.com\/index.php\/wp-json\/wp\/v2\/pages\/255\/revisions"}],"predecessor-version":[{"id":260,"href":"https:\/\/natachadavril.com\/index.php\/wp-json\/wp\/v2\/pages\/255\/revisions\/260"}],"wp:attachment":[{"href":"https:\/\/natachadavril.com\/index.php\/wp-json\/wp\/v2\/media?parent=255"}],"curies":[{"name":"wp","href":"https:\/\/api.w.org\/{rel}","templated":true}]}}